{"id":1242,"date":"2025-03-19T18:07:45","date_gmt":"2025-03-19T18:07:45","guid":{"rendered":"https:\/\/administrativo.ifsertao-pe.edu.br\/colabore\/?page_id=1242"},"modified":"2025-03-19T18:07:45","modified_gmt":"2025-03-19T18:07:45","slug":"sobre-a-plataforma","status":"publish","type":"page","link":"https:\/\/administrativo.ifsertao-pe.edu.br\/colabore\/?page_id=1242","title":{"rendered":"Sobre a plataforma"},"content":{"rendered":"<p>Use est\u00e1 p\u00e1gina para explicar para os usu\u00e1rios como utilizar o sistema<\/p>\n","protected":false},"excerpt":{"rendered":"<p>Use est\u00e1 p\u00e1gina para explicar para os usu\u00e1rios como utilizar o sistema<\/p>\n","protected":false},"author":0,"featured_media":0,"parent":0,"menu_order":0,"comment_status":"closed","ping_status":"closed","template":"","meta":{"footnotes":""},"_links":{"self":[{"href":"https:\/\/administrativo.ifsertao-pe.edu.br\/colabore\/index.php?rest_route=\/wp\/v2\/pages\/1242"}],"collection":[{"href":"https:\/\/administrativo.ifsertao-pe.edu.br\/colabore\/index.php?rest_route=\/wp\/v2\/pages"}],"about":[{"href":"https:\/\/administrativo.ifsertao-pe.edu.br\/colabore\/index.php?rest_route=\/wp\/v2\/types\/page"}],"replies":[{"embeddable":true,"href":"https:\/\/administrativo.ifsertao-pe.edu.br\/colabore\/index.php?rest_route=%2Fwp%2Fv2%2Fcomments&post=1242"}],"version-history":[{"count":0,"href":"https:\/\/administrativo.ifsertao-pe.edu.br\/colabore\/index.php?rest_route=\/wp\/v2\/pages\/1242\/revisions"}],"wp:attachment":[{"href":"https:\/\/administrativo.ifsertao-pe.edu.br\/colabore\/index.php?rest_route=%2Fwp%2Fv2%2Fmedia&parent=1242"}],"curies":[{"name":"wp","href":"https:\/\/api.w.org\/{rel}","templated":true}]}}